{"id":12430,"date":"2025-11-26T01:13:52","date_gmt":"2025-11-26T01:13:52","guid":{"rendered":"https:\/\/www.vitopelargentina.com\/?page_id=12430"},"modified":"2026-01-08T12:00:41","modified_gmt":"2026-01-08T12:00:41","slug":"home-3","status":"publish","type":"page","link":"https:\/\/www.vitopel.com\/en\/","title":{"rendered":"home 3"},"content":{"rendered":"<div data-elementor-type=\"wp-page\" data-elementor-id=\"12430\" class=\"elementor elementor-12430\" data-elementor-post-type=\"page\">\n\t\t\t\t<div class=\"elementor-element elementor-element-2b3aaa5 e-flex e-con-boxed e-con e-parent\" data-id=\"2b3aaa5\" data-element_type=\"container\" data-settings=\"{&quot;background_background&quot;:&quot;video&quot;,&quot;background_video_link&quot;:&quot;https:\\\/\\\/www.youtube.com\\\/watch?v=FcxLpb9uFaI&quot;,&quot;shape_divider_bottom&quot;:&quot;arrow&quot;,&quot;shape_divider_bottom_negative&quot;:&quot;yes&quot;}\">\n\t\t\t\t\t<div class=\"e-con-inner\">\n\t\t<div class=\"elementor-background-video-container elementor-hidden-mobile\">\n\t\t\t\t\t\t\t<div class=\"elementor-background-video-embed\" role=\"presentation\"><\/div>\n\t\t\t\t\t\t<\/div>\t\t<div class=\"elementor-shape elementor-shape-bottom\" aria-hidden=\"true\" data-negative=\"true\">\n\t\t\t<svg xmlns=\"http:\/\/www.w3.org\/2000\/svg\" viewbox=\"0 0 700 10\" preserveaspectratio=\"none\">\n\t<path class=\"elementor-shape-fill\" d=\"M360 0L350 9.9 340 0 0 0 0 10 700 10 700 0\"\/>\n<\/svg>\t\t<\/div>\n\t\t\t\t\t<\/div>\n\t\t\t\t<\/div>\n\t\t<div class=\"elementor-element elementor-element-63fb336 e-flex e-con-boxed e-con e-parent\" data-id=\"63fb336\" data-element_type=\"container\">\n\t\t\t\t\t<div class=\"e-con-inner\">\n\t\t\t\t<div class=\"elementor-element elementor-element-b83c7df elementor-widget elementor-widget-heading\" data-id=\"b83c7df\" data-element_type=\"widget\" data-widget_type=\"heading.default\">\n\t\t\t\t<div class=\"elementor-widget-container\">\n\t\t\t\t\t<h2 class=\"elementor-heading-title elementor-size-default\">Nuestros productos<\/h2>\t\t\t\t<\/div>\n\t\t\t\t<\/div>\n\t\t<div class=\"elementor-element elementor-element-3405fa5 e-grid e-con-full e-con e-child\" data-id=\"3405fa5\" data-element_type=\"container\">\n\t\t<div class=\"elementor-element elementor-element-ad74f72 e-con-full e-flex e-con e-child\" data-id=\"ad74f72\" data-element_type=\"container\">\n\t\t\t\t<div class=\"elementor-element elementor-element-e657c2e elementor-widget elementor-widget-image\" data-id=\"e657c2e\" data-element_type=\"widget\" data-widget_type=\"image.default\">\n\t\t\t\t<div class=\"elementor-widget-container\">\n\t\t\t\t\t\t\t\t\t\t\t\t\t\t\t\t<a href=\"https:\/\/www.vitopel.com\/en\/bopp_polipropileno_biorentado\/\">\n\t\t\t\t\t\t\t<img fetchpriority=\"high\" decoding=\"async\" width=\"500\" height=\"500\" src=\"https:\/\/www.vitopel.com\/wp-content\/uploads\/2022\/11\/3-1.webp\" class=\"elementor-animation-float attachment-large size-large wp-image-711\" alt=\"\" srcset=\"https:\/\/www.vitopel.com\/wp-content\/uploads\/2022\/11\/3-1.webp 500w, https:\/\/www.vitopel.com\/wp-content\/uploads\/2022\/11\/3-1-300x300.webp 300w, https:\/\/www.vitopel.com\/wp-content\/uploads\/2022\/11\/3-1-150x150.webp 150w, https:\/\/www.vitopel.com\/wp-content\/uploads\/2022\/11\/3-1-12x12.webp 12w\" sizes=\"(max-width: 500px) 100vw, 500px\" \/>\t\t\t\t\t\t\t\t<\/a>\n\t\t\t\t\t\t\t\t\t\t\t\t\t\t\t<\/div>\n\t\t\t\t<\/div>\n\t\t\t\t<div class=\"elementor-element elementor-element-a0cd71a elementor-widget elementor-widget-text-editor\" data-id=\"a0cd71a\" data-element_type=\"widget\" data-widget_type=\"text-editor.default\">\n\t\t\t\t<div class=\"elementor-widget-container\">\n\t\t\t\t\t\t\t\t\t<p>BOPP<br \/>CAST POLYPROPYLENE FILM<br \/>BIORENTED POLYPROPYLENE FILM<\/p>\t\t\t\t\t\t\t\t<\/div>\n\t\t\t\t<\/div>\n\t\t\t\t<\/div>\n\t\t<div class=\"elementor-element elementor-element-77dfdfa e-con-full e-flex e-con e-child\" data-id=\"77dfdfa\" data-element_type=\"container\">\n\t\t\t\t<div class=\"elementor-element elementor-element-a57d679 elementor-widget elementor-widget-image\" data-id=\"a57d679\" data-element_type=\"widget\" data-widget_type=\"image.default\">\n\t\t\t\t<div class=\"elementor-widget-container\">\n\t\t\t\t\t\t\t\t\t\t\t\t\t\t\t\t<a href=\"https:\/\/www.vitopel.com\/en\/cpp_cast_polipropileno\/\">\n\t\t\t\t\t\t\t<img decoding=\"async\" width=\"500\" height=\"500\" src=\"https:\/\/www.vitopel.com\/wp-content\/uploads\/2022\/11\/2-1.webp\" class=\"elementor-animation-float attachment-large size-large wp-image-712\" alt=\"\" srcset=\"https:\/\/www.vitopel.com\/wp-content\/uploads\/2022\/11\/2-1.webp 500w, https:\/\/www.vitopel.com\/wp-content\/uploads\/2022\/11\/2-1-300x300.webp 300w, https:\/\/www.vitopel.com\/wp-content\/uploads\/2022\/11\/2-1-150x150.webp 150w, https:\/\/www.vitopel.com\/wp-content\/uploads\/2022\/11\/2-1-12x12.webp 12w\" sizes=\"(max-width: 500px) 100vw, 500px\" \/>\t\t\t\t\t\t\t\t<\/a>\n\t\t\t\t\t\t\t\t\t\t\t\t\t\t\t<\/div>\n\t\t\t\t<\/div>\n\t\t\t\t<div class=\"elementor-element elementor-element-66068d6 elementor-widget elementor-widget-text-editor\" data-id=\"66068d6\" data-element_type=\"widget\" data-widget_type=\"text-editor.default\">\n\t\t\t\t<div class=\"elementor-widget-container\">\n\t\t\t\t\t\t\t\t\tCPP\nCAST POLIPROPILENO\t\t\t\t\t\t\t\t<\/div>\n\t\t\t\t<\/div>\n\t\t\t\t<\/div>\n\t\t<div class=\"elementor-element elementor-element-b504df1 e-con-full e-flex e-con e-child\" data-id=\"b504df1\" data-element_type=\"container\">\n\t\t\t\t<div class=\"elementor-element elementor-element-c2dee2c elementor-widget elementor-widget-image\" data-id=\"c2dee2c\" data-element_type=\"widget\" data-widget_type=\"image.default\">\n\t\t\t\t<div class=\"elementor-widget-container\">\n\t\t\t\t\t\t\t\t\t\t\t\t\t\t\t\t<a href=\"https:\/\/www.vitopel.com\/en\/vitobarrier_cast_alta_barrera\/\">\n\t\t\t\t\t\t\t<img decoding=\"async\" width=\"500\" height=\"500\" src=\"https:\/\/www.vitopel.com\/wp-content\/uploads\/2022\/11\/1-2.webp\" class=\"elementor-animation-float attachment-large size-large wp-image-713\" alt=\"\" srcset=\"https:\/\/www.vitopel.com\/wp-content\/uploads\/2022\/11\/1-2.webp 500w, https:\/\/www.vitopel.com\/wp-content\/uploads\/2022\/11\/1-2-300x300.webp 300w, https:\/\/www.vitopel.com\/wp-content\/uploads\/2022\/11\/1-2-150x150.webp 150w, https:\/\/www.vitopel.com\/wp-content\/uploads\/2022\/11\/1-2-12x12.webp 12w\" sizes=\"(max-width: 500px) 100vw, 500px\" \/>\t\t\t\t\t\t\t\t<\/a>\n\t\t\t\t\t\t\t\t\t\t\t\t\t\t\t<\/div>\n\t\t\t\t<\/div>\n\t\t\t\t<div class=\"elementor-element elementor-element-86a441e elementor-widget elementor-widget-text-editor\" data-id=\"86a441e\" data-element_type=\"widget\" data-widget_type=\"text-editor.default\">\n\t\t\t\t<div class=\"elementor-widget-container\">\n\t\t\t\t\t\t\t\t\tVITOBARRIER\nALTA BARRERA\t\t\t\t\t\t\t\t<\/div>\n\t\t\t\t<\/div>\n\t\t\t\t<\/div>\n\t\t<div class=\"elementor-element elementor-element-658024e e-con-full e-flex e-con e-child\" data-id=\"658024e\" data-element_type=\"container\">\n\t\t\t\t<div class=\"elementor-element elementor-element-4e0575b elementor-widget elementor-widget-image\" data-id=\"4e0575b\" data-element_type=\"widget\" data-widget_type=\"image.default\">\n\t\t\t\t<div class=\"elementor-widget-container\">\n\t\t\t\t\t\t\t\t\t\t\t\t\t\t\t\t<a href=\"https:\/\/www.vitopel.com\/en\/blown-film-burbuja\/\">\n\t\t\t\t\t\t\t<img loading=\"lazy\" decoding=\"async\" width=\"474\" height=\"454\" src=\"https:\/\/www.vitopel.com\/wp-content\/uploads\/2024\/09\/LAMINA-e1726112650769.webp\" class=\"elementor-animation-float attachment-large size-large wp-image-10261\" alt=\"\" srcset=\"https:\/\/www.vitopel.com\/wp-content\/uploads\/2024\/09\/LAMINA-e1726112650769.webp 474w, https:\/\/www.vitopel.com\/wp-content\/uploads\/2024\/09\/LAMINA-e1726112650769-300x287.webp 300w, https:\/\/www.vitopel.com\/wp-content\/uploads\/2024\/09\/LAMINA-e1726112650769-13x12.webp 13w\" sizes=\"(max-width: 474px) 100vw, 474px\" \/>\t\t\t\t\t\t\t\t<\/a>\n\t\t\t\t\t\t\t\t\t\t\t\t\t\t\t<\/div>\n\t\t\t\t<\/div>\n\t\t\t\t<div class=\"elementor-element elementor-element-98843f6 elementor-widget elementor-widget-text-editor\" data-id=\"98843f6\" data-element_type=\"widget\" data-widget_type=\"text-editor.default\">\n\t\t\t\t<div class=\"elementor-widget-container\">\n\t\t\t\t\t\t\t\t\tBLOWN\nBURBUJA DE POLIETILENO\t\t\t\t\t\t\t\t<\/div>\n\t\t\t\t<\/div>\n\t\t\t\t<\/div>\n\t\t\t\t<\/div>\n\t\t\t\t\t<\/div>\n\t\t\t\t<\/div>\n\t\t<div class=\"elementor-element elementor-element-c6c7a46 e-flex e-con-boxed e-con e-parent\" data-id=\"c6c7a46\" data-element_type=\"container\" data-settings=\"{&quot;background_background&quot;:&quot;classic&quot;,&quot;shape_divider_top&quot;:&quot;opacity-fan&quot;}\">\n\t\t\t\t\t<div class=\"e-con-inner\">\n\t\t\t\t<div class=\"elementor-shape elementor-shape-top\" aria-hidden=\"true\" data-negative=\"false\">\n\t\t\t<svg xmlns=\"http:\/\/www.w3.org\/2000\/svg\" viewbox=\"0 0 283.5 19.6\" preserveaspectratio=\"none\">\n\t<path class=\"elementor-shape-fill\" style=\"opacity:0.33\" d=\"M0 0L0 18.8 141.8 4.1 283.5 18.8 283.5 0z\"\/>\n\t<path class=\"elementor-shape-fill\" style=\"opacity:0.33\" d=\"M0 0L0 12.6 141.8 4 283.5 12.6 283.5 0z\"\/>\n\t<path class=\"elementor-shape-fill\" style=\"opacity:0.33\" d=\"M0 0L0 6.4 141.8 4 283.5 6.4 283.5 0z\"\/>\n\t<path class=\"elementor-shape-fill\" d=\"M0 0L0 1.2 141.8 4 283.5 1.2 283.5 0z\"\/>\n<\/svg>\t\t<\/div>\n\t\t<div class=\"elementor-element elementor-element-7d224ae e-con-full e-flex e-con e-child\" data-id=\"7d224ae\" data-element_type=\"container\">\n\t\t\t\t<div class=\"elementor-element elementor-element-3317c6d elementor-widget elementor-widget-heading\" data-id=\"3317c6d\" data-element_type=\"widget\" data-widget_type=\"heading.default\">\n\t\t\t\t<div class=\"elementor-widget-container\">\n\t\t\t\t\t<h2 class=\"elementor-heading-title elementor-size-default\">We are Vitopel Argentina\n<\/h2>\t\t\t\t<\/div>\n\t\t\t\t<\/div>\n\t\t\t\t<div class=\"elementor-element elementor-element-10944ea elementor-widget elementor-widget-text-editor\" data-id=\"10944ea\" data-element_type=\"widget\" data-widget_type=\"text-editor.default\">\n\t\t\t\t<div class=\"elementor-widget-container\">\n\t\t\t\t\t\t\t\t\t<p>Vitopel, empresa productora de soluciones de films para envases flexibles, comprometida en ofrecer productos de calidad e inocuidad, dedica su experiencia y \u00e9tica en la gesti\u00f3n para la satisfacci\u00f3n de sus clientes, la seguridad y la salud de sus empleados, el cuidado del medio ambiente.<\/p>\t\t\t\t\t\t\t\t<\/div>\n\t\t\t\t<\/div>\n\t\t\t\t<\/div>\n\t\t<div class=\"elementor-element elementor-element-355de6f e-con-full e-flex e-con e-child\" data-id=\"355de6f\" data-element_type=\"container\">\n\t\t\t\t<div class=\"elementor-element elementor-element-75c50df elementor-widget elementor-widget-image\" data-id=\"75c50df\" data-element_type=\"widget\" data-widget_type=\"image.default\">\n\t\t\t\t<div class=\"elementor-widget-container\">\n\t\t\t\t\t\t\t\t\t\t\t\t\t\t\t<img loading=\"lazy\" decoding=\"async\" width=\"700\" height=\"500\" src=\"https:\/\/www.vitopel.com\/wp-content\/uploads\/2022\/11\/Fabrica-Vitopel.jpg\" class=\"attachment-medium_large size-medium_large wp-image-344\" alt=\"Fabrica Vitopel\" srcset=\"https:\/\/www.vitopel.com\/wp-content\/uploads\/2022\/11\/Fabrica-Vitopel.jpg 700w, https:\/\/www.vitopel.com\/wp-content\/uploads\/2022\/11\/Fabrica-Vitopel-300x214.jpg 300w, https:\/\/www.vitopel.com\/wp-content\/uploads\/2022\/11\/Fabrica-Vitopel-18x12.jpg 18w\" sizes=\"(max-width: 700px) 100vw, 700px\" \/>\t\t\t\t\t\t\t\t\t\t\t\t\t\t\t<\/div>\n\t\t\t\t<\/div>\n\t\t\t\t<\/div>\n\t\t\t\t\t<\/div>\n\t\t\t\t<\/div>\n\t\t\t\t<\/div>","protected":false},"excerpt":{"rendered":"<p>Nuestros productos BOPPPOLIPROPILENOBIORIENTADO CPP CAST POLIPROPILENO VITOBARRIER ALTA BARRERA BLOWN BURBUJA DE POLIETILENO SOMOS VITOPEL\u200b Vitopel, empresa productora de soluciones de films para envases flexibles, comprometida en ofrecer productos de calidad e inocuidad, dedica su experiencia y \u00e9tica en la gesti\u00f3n para la satisfacci\u00f3n de sus clientes, la seguridad y la salud de sus empleados, [&hellip;]<\/p>","protected":false},"author":2,"featured_media":0,"parent":0,"menu_order":0,"comment_status":"closed","ping_status":"closed","template":"","meta":{"footnotes":""},"class_list":["post-12430","page","type-page","status-publish","hentry"],"_links":{"self":[{"href":"https:\/\/www.vitopel.com\/en\/wp-json\/wp\/v2\/pages\/12430","targetHints":{"allow":["GET"]}}],"collection":[{"href":"https:\/\/www.vitopel.com\/en\/wp-json\/wp\/v2\/pages"}],"about":[{"href":"https:\/\/www.vitopel.com\/en\/wp-json\/wp\/v2\/types\/page"}],"author":[{"embeddable":true,"href":"https:\/\/www.vitopel.com\/en\/wp-json\/wp\/v2\/users\/2"}],"replies":[{"embeddable":true,"href":"https:\/\/www.vitopel.com\/en\/wp-json\/wp\/v2\/comments?post=12430"}],"version-history":[{"count":52,"href":"https:\/\/www.vitopel.com\/en\/wp-json\/wp\/v2\/pages\/12430\/revisions"}],"predecessor-version":[{"id":12605,"href":"https:\/\/www.vitopel.com\/en\/wp-json\/wp\/v2\/pages\/12430\/revisions\/12605"}],"wp:attachment":[{"href":"https:\/\/www.vitopel.com\/en\/wp-json\/wp\/v2\/media?parent=12430"}],"curies":[{"name":"wp","href":"https:\/\/api.w.org\/{rel}","templated":true}]}}